{"id":33,"date":"2014-12-02T16:49:17","date_gmt":"2014-12-02T14:49:17","guid":{"rendered":"http:\/\/cielmonordi.fr\/mconnectee\/?page_id=31"},"modified":"2023-01-20T14:26:45","modified_gmt":"2023-01-20T13:26:45","slug":"page-4","status":"publish","type":"page","link":"https:\/\/connectaide.fr\/index.php\/accueil\/page-4\/","title":{"rendered":"Energie"},"content":{"rendered":"<p style=\"text-align: justify;\"><a href=\"http:\/\/connectaide.fr\/wp-content\/uploads\/2015\/01\/energie-1.jpg\"><img loading=\"lazy\" decoding=\"async\" class=\"alignleft wp-image-231 size-medium\" src=\"https:\/\/connectaide.fr\/wp-content\/uploads\/2015\/01\/energie-1-300x225.jpg\" alt=\"energie\" width=\"300\" height=\"225\" srcset=\"https:\/\/connectaide.fr\/wp-content\/uploads\/2015\/01\/energie-1-300x225.jpg 300w, https:\/\/connectaide.fr\/wp-content\/uploads\/2015\/01\/energie-1.jpg 400w\" sizes=\"auto, (max-width: 300px) 100vw, 300px\" \/><\/a><\/p>\n<p style=\"text-align: justify;\"><span style=\"font-family: arial, helvetica, sans-serif; font-size: 12pt;\">Gr\u00e2ce a un ensemble de capteurs plac\u00e9s \u00e0 l&rsquo;int\u00e9rieur et \u00e0 l&rsquo;ext\u00e9rieur, prot\u00e9geons l&rsquo;environnement et r\u00e9duisons les co\u00fbts \u00e9nerg\u00e9tiques.<!--more--><\/span><\/p>\n<p style=\"text-align: justify;\"><span style=\"font-family: arial, helvetica, sans-serif; font-size: 12pt;\"><strong>Ma\u00eetrise des d\u00e9penses<\/strong>:<\/span><\/p>\n<p style=\"text-align: justify;\"><span style=\"font-family: arial, helvetica, sans-serif; font-size: 12pt;\">Faites la chasse au gaspillage et devenez \u00ab\u00a0\u00e9co responsable\u00a0\u00bb.<\/span><\/p>\n<p style=\"text-align: justify;\"><span style=\"font-family: arial, helvetica, sans-serif; font-size: 12pt;\">Pilotez de fa\u00e7on intelligente vos appareils, coupez les appareils \u00e9lectriques en veille, visualisez vos consommations d&rsquo;eau, d&rsquo;\u00e9lectricit\u00e9 et d\u00e9tectez\u00a0les postes \u00e9nergivores.<\/span><\/p>\n<p style=\"text-align: justify;\"><span style=\"font-family: arial, helvetica, sans-serif; font-size: 12pt;\"><strong>Appareils \u00e9lectriques<\/strong>:<\/span><\/p>\n<p style=\"text-align: justify;\"><span style=\"font-family: arial, helvetica, sans-serif; font-size: 12pt;\">Programmation des appareils \u00e0 forte consommation \u00e9lectrique en heures creuses(*): Machine \u00e0 laver, lave vaisselle, production d&rsquo;eau chaude, etc.<\/span><\/p>\n<p style=\"text-align: justify;\"><span style=\"font-family: arial, helvetica, sans-serif; font-size: 12pt;\"><strong>Chauffage et climatisation<\/strong>:<\/span><\/p>\n<p style=\"text-align: justify;\"><span style=\"font-family: arial, helvetica, sans-serif; font-size: 12pt;\">Certainement le poste sur lequel il est possible de r\u00e9aliser le plus d&rsquo;\u00e9conomies gr\u00e2ce \u00e0 un pilotage intelligent:<\/span><\/p>\n<p style=\"text-align: justify;\"><span style=\"font-family: arial, helvetica, sans-serif; font-size: 12pt;\">Exploitation des plages \u00ab\u00a0heures creuses\u00a0\u00bb des fournisseurs d&rsquo;\u00e9lectricit\u00e9 suivant le contrat que vous avez souscrit.<\/span><br \/>\n<span style=\"font-family: arial, helvetica, sans-serif; font-size: 12pt;\">Pilotage \u00e0 distance : Superviser la mise en marche (ou l&rsquo;arr\u00eat) du chauffage ou bien adapter la temp\u00e9rature.<\/span><br \/>\n<span style=\"font-family: arial, helvetica, sans-serif; font-size: 12pt;\">Prise en compte de la m\u00e9t\u00e9o pour r\u00e9gler la temp\u00e9rature des pi\u00e8ces. Possibilit\u00e9 de coupler cette fonctionnalit\u00e9 avec la fermeture (ou l&rsquo;ouverture) des stores.<\/span><br \/>\n<span style=\"font-family: arial, helvetica, sans-serif; font-size: 12pt;\">Arr\u00eat du chauffage (ou de la climatisation) sur d\u00e9tection de fen\u00eatre ouverte ou pr\u00e9sence d&rsquo;une source de chaleur gratuite (soleil, temp\u00e9rature ext\u00e9rieure).<\/span><\/p>\n","protected":false},"excerpt":{"rendered":"<p>Gr\u00e2ce a un ensemble de capteurs plac\u00e9s \u00e0 l&rsquo;int\u00e9rieur et \u00e0 l&rsquo;ext\u00e9rieur, prot\u00e9geons l&rsquo;environnement et r\u00e9duisons les co\u00fbts \u00e9nerg\u00e9tiques.<\/p>\n","protected":false},"author":1,"featured_media":231,"parent":19,"menu_order":401,"comment_status":"closed","ping_status":"closed","template":"","meta":{"footnotes":""},"class_list":["post-33","page","type-page","status-publish","has-post-thumbnail","hentry"],"aioseo_notices":[],"brizy_media":[],"_links":{"self":[{"href":"https:\/\/connectaide.fr\/index.php\/wp-json\/wp\/v2\/pages\/33","targetHints":{"allow":["GET"]}}],"collection":[{"href":"https:\/\/connectaide.fr\/index.php\/wp-json\/wp\/v2\/pages"}],"about":[{"href":"https:\/\/connectaide.fr\/index.php\/wp-json\/wp\/v2\/types\/page"}],"author":[{"embeddable":true,"href":"https:\/\/connectaide.fr\/index.php\/wp-json\/wp\/v2\/users\/1"}],"replies":[{"embeddable":true,"href":"https:\/\/connectaide.fr\/index.php\/wp-json\/wp\/v2\/comments?post=33"}],"version-history":[{"count":1,"href":"https:\/\/connectaide.fr\/index.php\/wp-json\/wp\/v2\/pages\/33\/revisions"}],"predecessor-version":[{"id":982,"href":"https:\/\/connectaide.fr\/index.php\/wp-json\/wp\/v2\/pages\/33\/revisions\/982"}],"up":[{"embeddable":true,"href":"https:\/\/connectaide.fr\/index.php\/wp-json\/wp\/v2\/pages\/19"}],"wp:featuredmedia":[{"embeddable":true,"href":"https:\/\/connectaide.fr\/index.php\/wp-json\/wp\/v2\/media\/231"}],"wp:attachment":[{"href":"https:\/\/connectaide.fr\/index.php\/wp-json\/wp\/v2\/media?parent=33"}],"curies":[{"name":"wp","href":"https:\/\/api.w.org\/{rel}","templated":true}]}}