{"id":140,"date":"2014-12-28T10:18:41","date_gmt":"2014-12-28T09:18:41","guid":{"rendered":"http:\/\/cielmonordi.fr\/mconnectee\/?page_id=140"},"modified":"2026-03-30T16:22:46","modified_gmt":"2026-03-30T14:22:46","slug":"mentions-legales","status":"publish","type":"page","link":"https:\/\/connectaide.fr\/index.php\/accueil\/contact\/mentions-legales\/","title":{"rendered":"Mentions l\u00e9gales"},"content":{"rendered":"<div class=\"brz-root__container brz-reset-all brz\">\n<section id=\"_muwfubqscntlvjnajqrhaxvfvsujwtzwnsqk\" class=\"brz-section brz-css-i9T0x\">\n<div class=\"brz-section__content brz-section--boxed brz-css-scrmu brz-css-m4WNG\" data-brz-custom-id=\"yyvhqxxhfjmkzbbsvsvunwqlcmaexxovebtq\">\n<div class=\"brz-container brz-css-tUOoE\">\n<div id=\"\" class=\"brz-css-bMRkK brz-wrapper\">\n<div class=\"brz-rich-text brz-rich-text__custom brz-css-csAOd\" data-brz-custom-id=\"moypfzxaeugjdpqsttlmdnlmjalvulkfwtft\">\n<div data-brz-translate-text=\"1\">\n<h2 data-uniq-id=\"fgmgn\" data-generated-css=\"brz-css-uccjb\" class=\"brz-tp-lg-heading2 brz-css-zRrbT\"><span class=\"brz-cp-color2\">Mentions l\u00e9gales<\/span><\/h2>\n<\/div>\n<\/div>\n<\/div>\n<div id=\"\" class=\"brz-css-bMRkK brz-wrapper\">\n<div class=\"brz-rich-text brz-rich-text__custom brz-css-csAOd\" data-brz-custom-id=\"uezgimmwmczmcysabqgtgcetnwgqliuoszsq\">\n<div data-brz-translate-text=\"1\">\n<h3 class=\"brz-tp-lg-heading3 brz-text-lg-justify brz-css-xCesH\" data-generated-css=\"brz-css-wkyot\" data-uniq-id=\"rhyvi\"><span class=\"brz-cp-color7\">1. Pr\u00e9sentation du site<\/span><\/h3>\n<p class=\"brz-tp-lg-paragraph brz-text-lg-justify brz-css-rT5nF\" data-generated-css=\"brz-css-qcqpv\" data-uniq-id=\"xkpwp\"><span class=\"brz-cp-color7\">En vertu de l&rsquo;article 6 de la loi n\u00b0 2004-575 du 21 juin 2004 pour la confiance dans l&rsquo;\u00e9conomie num\u00e9rique, il est pr\u00e9cis\u00e9 aux utilisateurs du site connect&rsquo;Aide l&rsquo;identit\u00e9 des diff\u00e9rents intervenants dans le cadre de sa r\u00e9alisation et de son suivi :<\/span><\/p>\n<ul>\n<li class=\"brz-tp-lg-paragraph brz-text-lg-justify brz-bcp-color2 brz-css-auxSA\" data-generated-css=\"brz-css-xkkpp\" data-uniq-id=\"ckloy\"><span class=\"brz-cp-color2\">Propri\u00e9taire du site : Connect&rsquo;Aide<\/span><\/li>\n<li class=\"brz-tp-lg-paragraph brz-text-lg-justify brz-bcp-color7 brz-css-oIgLK\" data-generated-css=\"brz-css-cxrov\" data-uniq-id=\"szexp\"><span class=\"brz-cp-color7\">Si\u00e8ge social : 47 Rue Marcel Dassault 92100 Boulogne Billancourt<\/span><\/li>\n<li class=\"brz-tp-lg-paragraph brz-text-lg-justify brz-bcp-color7 brz-css-aGead\" data-generated-css=\"brz-css-lbqhn\" data-uniq-id=\"rfafm\"><span class=\"brz-cp-color7\">Num\u00e9ro SIRET : 94812765900019<\/span><\/li>\n<li class=\"brz-tp-lg-paragraph brz-text-lg-justify brz-bcp-color7 brz-css-uZHWZ\" data-generated-css=\"brz-css-qwdnd\" data-uniq-id=\"kuumn\"><span class=\"brz-cp-color7\">Num\u00e9ro d&rsquo;immatriculation RCS : Nanterre B 948 127 659<\/span><\/li>\n<li class=\"brz-tp-lg-paragraph brz-text-lg-justify brz-bcp-color7 brz-css-qLwJx\" data-generated-css=\"brz-css-myjyl\" data-uniq-id=\"lhcyz\"><span class=\"brz-cp-color7\">Num\u00e9ro identification TVA : FR94948127659<\/span><\/li>\n<li class=\"brz-tp-lg-paragraph brz-text-lg-justify brz-bcp-color7 brz-css-uWjnB\" data-generated-css=\"brz-css-eyqnh\" data-uniq-id=\"lfjsw\"><span class=\"brz-cp-color7\">Responsable publication : Bruno FRICK &#8211; bruno@connectaide.fr<\/span><\/li>\n<li class=\"brz-tp-lg-paragraph brz-text-lg-justify brz-bcp-color7 brz-css-lyyXC\" data-generated-css=\"brz-css-fhuso\" data-uniq-id=\"npffj\"><span class=\"brz-cp-color7\">Cr\u00e9ateur du site : Bruno FRICK<\/span><\/li>\n<li class=\"brz-tp-lg-paragraph brz-text-lg-justify brz-bcp-color7 brz-css-eHUVm\" data-generated-css=\"brz-css-pexpp\" data-uniq-id=\"kqnxp\"><span class=\"brz-cp-color7\">H\u00e9bergeur : OVH<\/span><\/li>\n<\/ul>\n<p class=\"brz-bcp-color7 brz-tp-lg-paragraph brz-text-lg-justify brz-css-p_5r6\" data-generated-css=\"brz-css-claox\" data-uniq-id=\"wulel\"><span class=\"brz-cp-color7\"> <\/span><\/p>\n<h3 class=\"brz-tp-lg-heading3 brz-text-lg-justify brz-css-dU_ek\" data-generated-css=\"brz-css-qmxof\" data-uniq-id=\"jzrzy\"><span class=\"brz-cp-color7\">2. Conditions g\u00e9n\u00e9rales d\u2019utilisation du site et des services propos\u00e9s<\/span><\/h3>\n<p class=\"brz-tp-lg-paragraph brz-text-lg-justify brz-css-l2ctr\" data-generated-css=\"brz-css-rtfva\" data-uniq-id=\"cjdeq\"><span class=\"brz-cp-color7\">L\u2019utilisation du site Connect&rsquo;Aide implique l\u2019acceptation pleine et enti\u00e8re des conditions g\u00e9n\u00e9rales d\u2019utilisation ci-apr\u00e8s d\u00e9crites. Ces conditions d\u2019utilisation sont susceptibles d\u2019\u00eatre modifi\u00e9es ou compl\u00e9t\u00e9es \u00e0 tout moment, les utilisateurs du site Connect&rsquo;Aide&nbsp;sont donc invit\u00e9s \u00e0 les consulter de mani\u00e8re r\u00e9guli\u00e8re.<\/span><\/p>\n<p class=\"brz-tp-lg-paragraph brz-text-lg-justify brz-css-kc3hD\" data-generated-css=\"brz-css-lcjaw\" data-uniq-id=\"lxvkk\"><span class=\"brz-cp-color7\">Ce site est normalement accessible \u00e0 tout moment aux utilisateurs. Une interruption pour raison de maintenance technique peut \u00eatre toutefois d\u00e9cid\u00e9e par Connect&rsquo;Aide, qui s\u2019efforcera alors de communiquer pr\u00e9alablement aux utilisateurs les dates et heures de l\u2019intervention.<\/span><\/p>\n<p class=\"brz-tp-lg-paragraph brz-text-lg-justify brz-css-wKvkm\" data-generated-css=\"brz-css-oolfx\" data-uniq-id=\"yjidp\"><span class=\"brz-cp-color7\">Le site Connect&rsquo;Aide&nbsp;est mis \u00e0 jour r\u00e9guli\u00e8rement par Connect&rsquo;Aide.&nbsp;De la m\u00eame fa\u00e7on, les mentions l\u00e9gales peuvent \u00eatre modifi\u00e9es \u00e0 tout moment : elles s\u2019imposent n\u00e9anmoins \u00e0 l\u2019utilisateur qui est invit\u00e9 \u00e0 s\u2019y r\u00e9f\u00e9rer le plus souvent possible afin d\u2019en prendre connaissance.<\/span><\/p>\n<p class=\"brz-tp-lg-paragraph brz-text-lg-justify brz-css-fHCnV\" data-generated-css=\"brz-css-iseth\" data-uniq-id=\"pwfgc\"><span class=\"brz-cp-color7\"> <\/span><\/p>\n<h3 class=\"brz-tp-lg-heading3 brz-text-lg-justify brz-css-t0Qp3\" data-generated-css=\"brz-css-immim\" data-uniq-id=\"afizf\"><span class=\"brz-cp-color7\">3. Description des services fournis<\/span><\/h3>\n<p class=\"brz-tp-lg-paragraph brz-text-lg-justify brz-css-fLz0I\" data-generated-css=\"brz-css-itrsu\" data-uniq-id=\"ktmle\"><span class=\"brz-cp-color7\">Le site Connect&rsquo;Aide a pour objet de fournir une information concernant l\u2019ensemble des activit\u00e9s de la soci\u00e9t\u00e9.<\/span><\/p>\n<p class=\"brz-tp-lg-paragraph brz-text-lg-justify brz-css-z7uoq\" data-generated-css=\"brz-css-gzspu\" data-uniq-id=\"psegn\"><span class=\"brz-cp-color7\">Connect&rsquo;Aide s\u2019efforce de fournir sur le site Connect&rsquo;Aide des informations aussi pr\u00e9cises que possible. Toutefois, il ne pourra \u00eatre tenu responsable des omissions, des inexactitudes et des carences dans la mise \u00e0 jour, qu\u2019elles soient de son fait ou du fait des tiers partenaires qui lui fournissent ces informations.<\/span><\/p>\n<p class=\"brz-tp-lg-paragraph brz-text-lg-justify brz-css-ncN4N\" data-generated-css=\"brz-css-ynqcy\" data-uniq-id=\"clkdp\"><span class=\"brz-cp-color7\">Tous les informations indiqu\u00e9es sur le site Connect&rsquo;Aide sont donn\u00e9es \u00e0 titre indicatif, et sont susceptibles d\u2019\u00e9voluer. Par ailleurs, les renseignements figurant sur le site Connect&rsquo;Aide&nbsp;ne sont pas exhaustifs. Ils sont donn\u00e9s sous r\u00e9serve de modifications ayant \u00e9t\u00e9 apport\u00e9es depuis leur mise en ligne.<\/span><\/p>\n<p class=\"brz-tp-lg-paragraph brz-text-lg-justify brz-css-tQWQY\" data-generated-css=\"brz-css-vfsfe\" data-uniq-id=\"jfsqu\"><span class=\"brz-cp-color7\"> <\/span><\/p>\n<h3 class=\"brz-tp-lg-heading3 brz-text-lg-justify brz-css-pGcGf\" data-generated-css=\"brz-css-rwybr\" data-uniq-id=\"fowfq\"><span class=\"brz-cp-color7\">4. Limitations contractuelles sur les donn\u00e9es techniques<\/span><\/h3>\n<p class=\"brz-tp-lg-paragraph brz-text-lg-justify brz-css-q6nHW\" data-generated-css=\"brz-css-qbsib\" data-uniq-id=\"pprxs\"><span class=\"brz-cp-color7\">Le site Internet ne pourra \u00eatre tenu responsable de dommages mat\u00e9riels li\u00e9s \u00e0 l\u2019utilisation du site. De plus, l\u2019utilisateur du site s\u2019engage \u00e0 acc\u00e9der au site en utilisant un mat\u00e9riel r\u00e9cent, ne contenant pas de virus et avec un navigateur de derni\u00e8re g\u00e9n\u00e9ration mis-\u00e0-jour<\/span><\/p>\n<p class=\"brz-tp-lg-paragraph brz-text-lg-justify brz-css-nnb59\" data-generated-css=\"brz-css-cqziz\" data-uniq-id=\"uciaz\"><span class=\"brz-cp-color7\"> <\/span><\/p>\n<h3 class=\"brz-tp-lg-heading3 brz-text-lg-justify brz-css-f1Dov\" data-generated-css=\"brz-css-gewnj\" data-uniq-id=\"hfemc\"><span class=\"brz-cp-color7\">5. Propri\u00e9t\u00e9 intellectuelle et contrefa\u00e7ons<\/span><\/h3>\n<p class=\"brz-tp-lg-paragraph brz-text-lg-justify brz-css-jv9VK\" data-generated-css=\"brz-css-qqsnk\" data-uniq-id=\"qlckd\"><span class=\"brz-cp-color7\">Connect&rsquo;Aide est propri\u00e9taire des droits de propri\u00e9t\u00e9 intellectuelle ou d\u00e9tient les droits d\u2019usage sur tous les \u00e9l\u00e9ments accessibles sur le site, notamment les textes, images, graphismes, logo, ic\u00f4nes, sons, logiciels.<\/span><\/p>\n<p class=\"brz-tp-lg-paragraph brz-text-lg-justify brz-css-cgggY\" data-generated-css=\"brz-css-etrtz\" data-uniq-id=\"pcksp\"><span class=\"brz-cp-color7\">Toute reproduction, repr\u00e9sentation, modification, publication, adaptation de tout ou partie des \u00e9l\u00e9ments du site, quel que soit le moyen ou le proc\u00e9d\u00e9 utilis\u00e9, est interdite, sauf autorisation \u00e9crite pr\u00e9alable de : Connect&rsquo;Aide.<\/span><\/p>\n<p class=\"brz-tp-lg-paragraph brz-text-lg-justify brz-css-qUbT5\" data-generated-css=\"brz-css-fwdkc\" data-uniq-id=\"xmcvh\"><span class=\"brz-cp-color7\">Toute exploitation non autoris\u00e9e du site ou de l\u2019un quelconque des \u00e9l\u00e9ments qu\u2019il contient sera consid\u00e9r\u00e9e comme constitutive d\u2019une contrefa\u00e7on et poursuivie conform\u00e9ment aux dispositions des articles L.335-2 et suivants du Code de Propri\u00e9t\u00e9 Intellectuelle.<\/span><\/p>\n<p class=\"brz-tp-lg-paragraph brz-text-lg-justify brz-css-h50L7\" data-generated-css=\"brz-css-tkdwz\" data-uniq-id=\"bqrmi\"><span class=\"brz-cp-color7\"> <\/span><\/p>\n<h3 class=\"brz-tp-lg-heading3 brz-text-lg-justify brz-css-kIzsi\" data-generated-css=\"brz-css-mwkch\" data-uniq-id=\"tykij\"><span class=\"brz-cp-color7\">6. Limitations de responsabilit\u00e9<\/span><\/h3>\n<p class=\"brz-tp-lg-paragraph brz-text-lg-justify brz-css-dCpVI\" data-generated-css=\"brz-css-chsie\" data-uniq-id=\"bceke\"><span class=\"brz-cp-color7\">Connect&rsquo;Aide ne pourra \u00eatre tenu responsable des dommages directs et indirects caus\u00e9s au mat\u00e9riel de l\u2019utilisateur, lors de l\u2019acc\u00e8s au site Connect&rsquo;Aide,&nbsp;et r\u00e9sultant soit de l\u2019utilisation d\u2019un mat\u00e9riel ne r\u00e9pondant pas aux sp\u00e9cifications indiqu\u00e9es au point 4, soit de l\u2019apparition d\u2019un bug ou d\u2019une incompatibilit\u00e9.<\/span><\/p>\n<p class=\"brz-tp-lg-paragraph brz-text-lg-justify brz-css-jztnZ\" data-generated-css=\"brz-css-azfdi\" data-uniq-id=\"qmgpk\"><span class=\"brz-cp-color7\">Connect&rsquo;Aide ne pourra \u00e9galement \u00eatre tenue responsable des dommages indirects (tels par exemple qu\u2019une perte de march\u00e9 ou perte d\u2019une chance) cons\u00e9cutifs \u00e0 l\u2019utilisation du site Connect&rsquo;Aide.<\/span><\/p>\n<p class=\"brz-tp-lg-paragraph brz-text-lg-justify brz-css-rYi5C\" data-generated-css=\"brz-css-bqefu\" data-uniq-id=\"vowby\"><span class=\"brz-cp-color7\">Des espaces interactifs (possibilit\u00e9 de poser des questions dans l\u2019espace contact) sont \u00e0 la disposition des utilisateurs. Connect&rsquo;Aide se r\u00e9serve le droit de supprimer, sans mise en demeure pr\u00e9alable, tout contenu d\u00e9pos\u00e9 dans cet espace qui contreviendrait \u00e0 la l\u00e9gislation applicable en France, en particulier aux dispositions relatives \u00e0 la protection des donn\u00e9es. Le cas \u00e9ch\u00e9ant, Connect&rsquo;Aide&nbsp;se r\u00e9serve \u00e9galement la possibilit\u00e9 de mettre en cause la responsabilit\u00e9 civile et\/ou p\u00e9nale de l\u2019utilisateur, notamment en cas de message \u00e0 caract\u00e8re raciste, injurieux, diffamant, ou pornographique, quel que soit le support utilis\u00e9 (texte, photographie\u2026).<\/span><\/p>\n<p class=\"brz-tp-lg-paragraph brz-text-lg-justify brz-css-bUri3\" data-generated-css=\"brz-css-gdfed\" data-uniq-id=\"cdzkk\"><span class=\"brz-cp-color7\"> <\/span><\/p>\n<h3 class=\"brz-tp-lg-heading3 brz-text-lg-justify brz-css-h8R5v\" data-generated-css=\"brz-css-keffk\" data-uniq-id=\"evymi\"><span class=\"brz-cp-color7\">7. Gestion des donn\u00e9es personnelles<\/span><\/h3>\n<p class=\"brz-tp-lg-paragraph brz-text-lg-justify brz-css-q4Xif\" data-generated-css=\"brz-css-luign\" data-uniq-id=\"ebrir\"><span class=\"brz-cp-color7\">En France, les donn\u00e9es personnelles sont notamment prot\u00e9g\u00e9es par la loi n\u00b0 78-87 du 6 janvier 1978, la loi n\u00b0 2004-801 du 6 ao\u00fbt 2004, l&rsquo;article L. 226-13 du Code p\u00e9nal et la Directive Europ\u00e9enne du 24 octobre 1995.<\/span><\/p>\n<p class=\"brz-tp-lg-paragraph brz-text-lg-justify brz-css-dETtt\" data-generated-css=\"brz-css-tgcdq\" data-uniq-id=\"odhqg\"><span class=\"brz-cp-color7\">A l&rsquo;occasion de l&rsquo;utilisation du site Connect&rsquo;Aide, peuvent \u00eatres recueillies : l&rsquo;URL des liens par l&rsquo;interm\u00e9diaire desquels l&rsquo;utilisateur a acc\u00e9d\u00e9 au site Connect&rsquo;Aide, le fournisseur d&rsquo;acc\u00e8s de l&rsquo;utilisateur, l&rsquo;adresse de protocole Internet (IP) de l&rsquo;utilisateur.<\/span><\/p>\n<p class=\"brz-tp-lg-paragraph brz-text-lg-justify brz-css-dwbor\" data-generated-css=\"brz-css-nnekd\" data-uniq-id=\"ganat\"><span class=\"brz-cp-color7\">En tout \u00e9tat de cause Connect&rsquo;Aide ne collecte des informations personnelles relatives \u00e0 l&rsquo;utilisateur que pour le besoin de certains services propos\u00e9s par le site Connect&rsquo;Aide. L&rsquo;utilisateur fournit ces informations en toute connaissance de cause, notamment lorsqu&rsquo;il proc\u00e8de par lui-m\u00eame \u00e0 leur saisie. Il est alors pr\u00e9cis\u00e9 \u00e0 l&rsquo;utilisateur du site Connect&rsquo;Aide&nbsp;l\u2019obligation ou non de fournir ces informations.<\/span><\/p>\n<p class=\"brz-tp-lg-paragraph brz-text-lg-justify brz-css-uibe4\" data-generated-css=\"brz-css-ewwti\" data-uniq-id=\"ezrxj\"><span class=\"brz-cp-color7\">Conform\u00e9ment aux dispositions des articles 38 et suivants de la loi 78-17 du 6 janvier 1978 relative \u00e0 l\u2019informatique, aux fichiers et aux libert\u00e9s, tout utilisateur dispose d\u2019un droit d\u2019acc\u00e8s, de rectification et d\u2019opposition aux donn\u00e9es personnelles le concernant, en effectuant sa demande \u00e9crite et sign\u00e9e, accompagn\u00e9e d\u2019une copie du titre d\u2019identit\u00e9 avec signature du titulaire de la pi\u00e8ce, en pr\u00e9cisant l\u2019adresse \u00e0 laquelle la r\u00e9ponse doit \u00eatre envoy\u00e9e.<\/span><\/p>\n<p class=\"brz-tp-lg-paragraph brz-text-lg-justify brz-css-xBP99\" data-generated-css=\"brz-css-aivju\" data-uniq-id=\"kraff\"><span class=\"brz-cp-color7\">Aucune information personnelle de l&rsquo;utilisateur du site Connect&rsquo;Aide n&rsquo;est publi\u00e9e \u00e0 l&rsquo;insu de l&rsquo;utilisateur, \u00e9chang\u00e9e, transf\u00e9r\u00e9e, c\u00e9d\u00e9e ou vendue sur un support quelconque \u00e0 des tiers. Seule l&rsquo;hypoth\u00e8se du rachat de Connect&rsquo;Aide et de ses droits permettrait la transmission des dites informations \u00e0 l&rsquo;\u00e9ventuel acqu\u00e9reur qui serait \u00e0 son tour tenu de la m\u00eame obligation de conservation et de modification des donn\u00e9es vis \u00e0 vis de l&rsquo;utilisateur du site Connect&rsquo;Aide.<\/span><\/p>\n<p class=\"brz-tp-lg-paragraph brz-text-lg-justify brz-css-nfkkD\" data-generated-css=\"brz-css-yrqrf\" data-uniq-id=\"fgcbr\"><span class=\"brz-cp-color7\">Le site n&rsquo;est pas d\u00e9clar\u00e9 \u00e0 la CNIL car il n&rsquo;exploite pas les donn\u00e9es personnelles comme indiqu\u00e9 sur cette page<\/span><\/p>\n<p class=\"brz-tp-lg-paragraph brz-text-lg-justify brz-css-u4yfj\" data-generated-css=\"brz-css-pneng\" data-uniq-id=\"wlbsu\"><span class=\"brz-cp-color7\">Les bases de donn\u00e9es sont prot\u00e9g\u00e9es par les dispositions de la loi du 1er juillet 1998 transposant la directive 96\/9 du 11 mars 1996 relative \u00e0 la protection juridique des bases de donn\u00e9es.<\/span><\/p>\n<p class=\"brz-tp-lg-paragraph brz-text-lg-justify brz-css-kEBOU\" data-generated-css=\"brz-css-jjblt\" data-uniq-id=\"giqbk\"><span class=\"brz-cp-color7\"> <\/span><\/p>\n<h3 class=\"brz-tp-lg-heading3 brz-text-lg-justify brz-css-sg_KL\" data-generated-css=\"brz-css-mwlad\" data-uniq-id=\"rypaw\"><span class=\"brz-cp-color7\">8. Liens hypertextes et cookies<\/span><\/h3>\n<p class=\"brz-tp-lg-paragraph brz-text-lg-justify brz-css-hAnEK\" data-generated-css=\"brz-css-khmxj\" data-uniq-id=\"aekta\"><span class=\"brz-cp-color7\">Le site Connect&rsquo;Aide contient un certain nombre de liens hypertextes vers d\u2019autres sites, mis en place avec l\u2019autorisation de Connect&rsquo;Aide. Cependant, Connect&rsquo;Aide n\u2019a pas la possibilit\u00e9 de v\u00e9rifier le contenu des sites ainsi visit\u00e9s, et n\u2019assumera en cons\u00e9quence aucune responsabilit\u00e9 de ce fait.<\/span><\/p>\n<p class=\"brz-tp-lg-paragraph brz-text-lg-justify brz-css-dAKWo\" data-generated-css=\"brz-css-zsuzq\" data-uniq-id=\"srint\"><span class=\"brz-cp-color7\">La navigation sur le site Connect&rsquo;Aide est susceptible de provoquer l\u2019installation de cookie(s) sur l\u2019ordinateur de l\u2019utilisateur. Un cookie est un fichier de petite taille, qui ne permet pas l\u2019identification de l\u2019utilisateur, mais qui enregistre des informations relatives \u00e0 la navigation d\u2019un ordinateur sur un site. Les donn\u00e9es ainsi obtenues visent \u00e0 faciliter la navigation ult\u00e9rieure sur le site, et ont \u00e9galement vocation \u00e0 permettre diverses mesures de fr\u00e9quentation.<\/span><\/p>\n<p class=\"brz-tp-lg-paragraph brz-text-lg-justify brz-css-enH4P\" data-generated-css=\"brz-css-ixixl\" data-uniq-id=\"tkpkb\"><span class=\"brz-cp-color7\">Le refus d\u2019installation d\u2019un cookie peut entra\u00eener l\u2019impossibilit\u00e9 d\u2019acc\u00e9der \u00e0 certains services. L\u2019utilisateur peut toutefois configurer son ordinateur de la mani\u00e8re suivante, pour refuser l\u2019installation des cookies :<\/span><\/p>\n<ul>\n<li class=\"brz-tp-lg-paragraph brz-text-lg-justify brz-bcp-color7 brz-css-ktu31\" data-generated-css=\"brz-css-qsjcl\" data-uniq-id=\"dnlfc\"><span class=\"brz-cp-color7\">Sous Internet Explorer : onglet outil (pictogramme en forme de rouage en haut a droite) \/ options internet. Cliquez sur Confidentialit\u00e9 et choisissez Bloquer tous les cookies. Validez sur Ok.<\/span><\/li>\n<li class=\"brz-tp-lg-paragraph brz-text-lg-justify brz-bcp-color7 brz-css-d_Ebo\" data-generated-css=\"brz-css-batto\" data-uniq-id=\"odigw\"><span class=\"brz-cp-color7\">Sous Firefox : en haut de la fen\u00eatre du navigateur, cliquez sur le bouton Firefox, puis aller dans l&rsquo;onglet Options. Cliquer sur l&rsquo;onglet Vie priv\u00e9e. Param\u00e9trez les R\u00e8gles de conservation sur : utiliser les param\u00e8tres personnalis\u00e9s pour l&rsquo;historique. Enfin d\u00e9cochez-la pour d\u00e9sactiver les cookies.<\/span><\/li>\n<li class=\"brz-tp-lg-paragraph brz-text-lg-justify brz-bcp-color7 brz-css-vZlAS\" data-generated-css=\"brz-css-ghiry\" data-uniq-id=\"alfrd\"><span class=\"brz-cp-color7\">Sous Safari : Cliquez en haut \u00e0 droite du navigateur sur le pictogramme de menu (symbolis\u00e9 par un rouage). S\u00e9lectionnez Param\u00e8tres. Cliquez sur Afficher les param\u00e8tres avanc\u00e9s. Dans la section \u00ab\u00a0Confidentialit\u00e9\u00a0\u00bb, cliquez sur Param\u00e8tres de contenu. Dans la section \u00ab\u00a0Cookies\u00a0\u00bb, vous pouvez bloquer les cookies.<\/span><\/li>\n<li class=\"brz-tp-lg-paragraph brz-text-lg-justify brz-bcp-color7 brz-css-etSZP\" data-generated-css=\"brz-css-viwbo\" data-uniq-id=\"czxmg\"><span class=\"brz-cp-color7\">Sous Chrome : Cliquez en haut \u00e0 droite du navigateur sur le pictogramme de menu (symbolis\u00e9 par trois lignes horizontales). S\u00e9lectionnez Param\u00e8tres. Cliquez sur Afficher les param\u00e8tres avanc\u00e9s. Dans la section \u00ab\u00a0Confidentialit\u00e9\u00a0\u00bb, cliquez sur pr\u00e9f\u00e9rences. Dans l&rsquo;onglet \u00ab\u00a0Confidentialit\u00e9\u00a0\u00bb, vous pouvez bloquer les cookies.<\/span><\/li>\n<\/ul>\n<p class=\"brz-bcp-color7 brz-tp-lg-paragraph brz-text-lg-justify brz-css-di82x\" data-generated-css=\"brz-css-gmlkj\" data-uniq-id=\"uebnx\"><span class=\"brz-cp-color7\"> <\/span><\/p>\n<h3 class=\"brz-tp-lg-heading3 brz-text-lg-justify brz-css-x_7Ui\" data-generated-css=\"brz-css-flvdc\" data-uniq-id=\"szutn\"><span class=\"brz-cp-color7\">9. Droit applicable et attribution de juridiction<\/span><\/h3>\n<p class=\"brz-tp-lg-paragraph brz-text-lg-justify brz-css-iLHgt\" data-generated-css=\"brz-css-fhlhe\" data-uniq-id=\"hxfkc\"><span class=\"brz-cp-color7\">Tout litige en relation avec l\u2019utilisation du site &#8230;. est soumis au droit fran\u00e7ais. Il est fait attribution exclusive de juridiction aux tribunaux comp\u00e9tents de Paris.<\/span><\/p>\n<p class=\"brz-tp-lg-paragraph brz-text-lg-justify brz-css-rojlM\" data-generated-css=\"brz-css-mtimf\" data-uniq-id=\"kicqo\"><span class=\"brz-cp-color7\"> <\/span><\/p>\n<h3 class=\"brz-tp-lg-heading3 brz-text-lg-justify brz-css-ucztw\" data-generated-css=\"brz-css-hltew\" data-uniq-id=\"ewdyi\"><span class=\"brz-cp-color7\">10. Les principales lois concern\u00e9es<\/span><\/h3>\n<p class=\"brz-tp-lg-paragraph brz-text-lg-justify brz-css-wdyjJ\" data-generated-css=\"brz-css-isvkw\" data-uniq-id=\"qcwpw\"><span class=\"brz-cp-color7\">Loi n\u00b0 78-17 du 6 janvier 1978, notamment modifi\u00e9e par la loi n\u00b0 2004-801 du 6 ao\u00fbt 2004 relative \u00e0 l&rsquo;informatique, aux fichiers et aux libert\u00e9s.<\/span><\/p>\n<p class=\"brz-tp-lg-paragraph brz-text-lg-justify brz-css-c_gEs\" data-generated-css=\"brz-css-teags\" data-uniq-id=\"kpflp\"><span class=\"brz-cp-color7\">Loi n\u00b0 2004-575 du 21 juin 2004 pour la confiance dans l&rsquo;\u00e9conomie num\u00e9rique.<\/span><\/p>\n<p class=\"brz-tp-lg-paragraph brz-text-lg-justify brz-css-puUGd\" data-generated-css=\"brz-css-gtbmb\" data-uniq-id=\"ygpuo\"><span class=\"brz-cp-color7\"> <\/span><\/p>\n<h3 class=\"brz-tp-lg-heading3 brz-text-lg-justify brz-css-xBMxG\" data-generated-css=\"brz-css-khthp\" data-uniq-id=\"zxeww\"><span class=\"brz-cp-color7\">11. Lexique<\/span><\/h3>\n<p class=\"brz-tp-lg-paragraph brz-text-lg-justify brz-css-dcjBf\" data-generated-css=\"brz-css-rsygo\" data-uniq-id=\"eqkro\"><span class=\"brz-cp-color7\">Utilisateur : Internaute se connectant, utilisant le site susnomm\u00e9.<\/span><\/p>\n<p class=\"brz-tp-lg-paragraph brz-text-lg-justify brz-css-zM2nu\" data-generated-css=\"brz-css-btmbs\" data-uniq-id=\"sgrsl\"><span class=\"brz-cp-color7\">Informations personnelles : \u00ab les informations qui permettent, sous quelque forme que ce soit, directement ou non, l&rsquo;identification des personnes physiques auxquelles elles s&rsquo;appliquent \u00bb (article 4 de la loi n\u00b0 78-17 du 6 janvier 1978).<\/span><\/p>\n<p class=\"brz-tp-lg-paragraph brz-text-lg-justify brz-css-rHRir\" data-generated-css=\"brz-css-ybeip\" data-uniq-id=\"oonuk\"><span class=\"brz-cp-color7\"> <\/span><\/p>\n<\/div>\n<\/div>\n<\/div>\n<\/div>\n<\/div>\n<\/section>\n<\/div>\n<p>    <!-- version:1734355701 --><\/p>\n","protected":false},"excerpt":{"rendered":"<p>Mentions l\u00e9gales 1. Pr\u00e9sentation du site En vertu de l&rsquo;article 6 de la loi n\u00b0 2004-575 du 21 juin 2004 pour la confiance dans l&rsquo;\u00e9conomie num\u00e9rique, il est pr\u00e9cis\u00e9 aux utilisateurs du site connect&rsquo;Aide l&rsquo;identit\u00e9 des diff\u00e9rents intervenants dans le<\/p>\n","protected":false},"author":1,"featured_media":0,"parent":22,"menu_order":990,"comment_status":"closed","ping_status":"closed","template":"page-templates\/page-builder.php","meta":{"footnotes":""},"class_list":["post-140","page","type-page","status-publish","hentry"],"aioseo_notices":[],"brizy_media":[],"_links":{"self":[{"href":"https:\/\/connectaide.fr\/index.php\/wp-json\/wp\/v2\/pages\/140","targetHints":{"allow":["GET"]}}],"collection":[{"href":"https:\/\/connectaide.fr\/index.php\/wp-json\/wp\/v2\/pages"}],"about":[{"href":"https:\/\/connectaide.fr\/index.php\/wp-json\/wp\/v2\/types\/page"}],"author":[{"embeddable":true,"href":"https:\/\/connectaide.fr\/index.php\/wp-json\/wp\/v2\/users\/1"}],"replies":[{"embeddable":true,"href":"https:\/\/connectaide.fr\/index.php\/wp-json\/wp\/v2\/comments?post=140"}],"version-history":[{"count":5,"href":"https:\/\/connectaide.fr\/index.php\/wp-json\/wp\/v2\/pages\/140\/revisions"}],"predecessor-version":[{"id":1206,"href":"https:\/\/connectaide.fr\/index.php\/wp-json\/wp\/v2\/pages\/140\/revisions\/1206"}],"up":[{"embeddable":true,"href":"https:\/\/connectaide.fr\/index.php\/wp-json\/wp\/v2\/pages\/22"}],"wp:attachment":[{"href":"https:\/\/connectaide.fr\/index.php\/wp-json\/wp\/v2\/media?parent=140"}],"curies":[{"name":"wp","href":"https:\/\/api.w.org\/{rel}","templated":true}]}}